{"id":2466,"date":"2022-10-09T20:16:32","date_gmt":"2022-10-09T20:16:32","guid":{"rendered":"http:\/\/sanacogimiento.net\/?page_id=2466"},"modified":"2022-10-23T17:50:15","modified_gmt":"2022-10-23T17:50:15","slug":"campingtrip-durch-deutschland","status":"publish","type":"page","link":"http:\/\/sanacogimiento.net\/?page_id=2466","title":{"rendered":"Campingtrip durch Deutschland"},"content":{"rendered":"\n<p>Bald ist es soweit und es geht mit dem Camper f\u00fcr ein paar Tage durch Deutschland. Ich werde hier berichten, was wir alles auf dem Trip sehen.<\/p>\n\n\n\n<h2>Tag 1.- 14.10.22<\/h2>\n\n\n\n<p>So es ging los mit dem Trip in Rostock! Morgens um 9 uhr ab nach Berlin um den Camper zu holen.<\/p>\n\n\n\n<figure class=\"wp-block-image size-full\"><img decoding=\"async\" loading=\"lazy\" width=\"1576\" height=\"2100\" src=\"http:\/\/sanacogimiento.net\/wp-content\/uploads\/2022\/10\/A1682A81-CA72-4D1C-8C87-091CE88DD7C9.jpeg\" alt=\"\" class=\"wp-image-2491\" srcset=\"http:\/\/sanacogimiento.net\/wp-content\/uploads\/2022\/10\/A1682A81-CA72-4D1C-8C87-091CE88DD7C9.jpeg 1576w, http:\/\/sanacogimiento.net\/wp-content\/uploads\/2022\/10\/A1682A81-CA72-4D1C-8C87-091CE88DD7C9-768x1023.jpeg 768w, http:\/\/sanacogimiento.net\/wp-content\/uploads\/2022\/10\/A1682A81-CA72-4D1C-8C87-091CE88DD7C9-1153x1536.jpeg 1153w, http:\/\/sanacogimiento.net\/wp-content\/uploads\/2022\/10\/A1682A81-CA72-4D1C-8C87-091CE88DD7C9-1537x2048.jpeg 1537w\" sizes=\"(max-width: 1576px) 100vw, 1576px\" \/><\/figure>\n\n\n\n<p>Um 16 Uhr gings dann endlich los zur Tour!<\/p>\n\n\n\n<figure class=\"wp-block-image size-full\"><img decoding=\"async\" loading=\"lazy\" width=\"2560\" height=\"1920\" src=\"http:\/\/sanacogimiento.net\/wp-content\/uploads\/2022\/10\/41EB6407-ABA4-48EA-9E18-603FB8839E4A-scaled.jpeg\" alt=\"\" class=\"wp-image-2496\" srcset=\"http:\/\/sanacogimiento.net\/wp-content\/uploads\/2022\/10\/41EB6407-ABA4-48EA-9E18-603FB8839E4A-scaled.jpeg 2560w, http:\/\/sanacogimiento.net\/wp-content\/uploads\/2022\/10\/41EB6407-ABA4-48EA-9E18-603FB8839E4A-768x576.jpeg 768w, http:\/\/sanacogimiento.net\/wp-content\/uploads\/2022\/10\/41EB6407-ABA4-48EA-9E18-603FB8839E4A-1536x1152.jpeg 1536w, http:\/\/sanacogimiento.net\/wp-content\/uploads\/2022\/10\/41EB6407-ABA4-48EA-9E18-603FB8839E4A-2048x1536.jpeg 2048w\" sizes=\"(max-width: 2560px) 100vw, 2560px\" \/><\/figure>\n\n\n\n<p>Ab zur Rakotzbr\u00fccke\u2026 dort angekommen, wollte ich gerne ein Sternbild machen. Also sind wir mit Lampen bewaffnet in den Wald um dann festzustellen, nix mit Sternenbild an der Br\u00fccke\u2026 leider war der Weg gesperrt. <\/p>\n\n\n\n<p>Also sind wir ein bisschen auf dem Parkplatz rumgerannt und dort hab ich immerhin ein paar Bilder gemacht.<\/p>\n\n\n\n<figure class=\"wp-block-image size-full\"><img decoding=\"async\" loading=\"lazy\" width=\"1616\" height=\"1080\" src=\"http:\/\/sanacogimiento.net\/wp-content\/uploads\/2022\/10\/AAA75171-AEE0-4393-A98D-42FFE1364CAE.jpeg\" alt=\"\" class=\"wp-image-2493\" srcset=\"http:\/\/sanacogimiento.net\/wp-content\/uploads\/2022\/10\/AAA75171-AEE0-4393-A98D-42FFE1364CAE.jpeg 1616w, http:\/\/sanacogimiento.net\/wp-content\/uploads\/2022\/10\/AAA75171-AEE0-4393-A98D-42FFE1364CAE-768x513.jpeg 768w, http:\/\/sanacogimiento.net\/wp-content\/uploads\/2022\/10\/AAA75171-AEE0-4393-A98D-42FFE1364CAE-1536x1027.jpeg 1536w\" sizes=\"(max-width: 1616px) 100vw, 1616px\" \/><\/figure>\n\n\n\n<p>Aber das Schlimmste kam noch\u2026 iwie haben die von der Camperfirma vergessen das Gas  anzustellen\u2026 es war eine sehr kalte Nacht!!!<\/p>\n\n\n\n<p>Bzw. der tolle Mensch bei der Firma hatte komplett eine Einweisung vergessen\u2026 nicht nur mit der Heizung\u2026<\/p>\n\n\n\n<h2>Tag 2- 15.10.22<\/h2>\n\n\n\n<p>Nach der kalten Nacht, mit viel Regen und viel Bibbern, sind wir dann aufgewacht.. Die Hunde mussten gleich mal Gassi und siehe an, es gibt noch einen Weg zur Rakotzbr\u00fccke\u2026 das h\u00e4tten wir gestern Abend mal wissen sollen\u2026so ein Rotz!<\/p>\n\n\n\n<p>Also sind wir dann doch noch heute Morgen hingegangen\u2026 leider schien die Sonne nicht! Mit Sonnenschein w\u00e4ren die Bilder noch cooler gewesen\u2026<\/p>\n\n\n\n<figure class=\"is-layout-flex wp-block-gallery-1 wp-block-gallery has-nested-images columns-default is-cropped\">\n<figure class=\"wp-block-image size-large\"><img decoding=\"async\" loading=\"lazy\" width=\"2560\" height=\"1740\" data-id=\"2501\"  src=\"http:\/\/sanacogimiento.net\/wp-content\/uploads\/2022\/10\/E3D03F21-2602-4849-A3E8-759CA5D09AC9-scaled.jpeg\" alt=\"\" class=\"wp-image-2501\" srcset=\"http:\/\/sanacogimiento.net\/wp-content\/uploads\/2022\/10\/E3D03F21-2602-4849-A3E8-759CA5D09AC9-scaled.jpeg 2560w, http:\/\/sanacogimiento.net\/wp-content\/uploads\/2022\/10\/E3D03F21-2602-4849-A3E8-759CA5D09AC9-768x522.jpeg 768w, http:\/\/sanacogimiento.net\/wp-content\/uploads\/2022\/10\/E3D03F21-2602-4849-A3E8-759CA5D09AC9-1536x1044.jpeg 1536w, http:\/\/sanacogimiento.net\/wp-content\/uploads\/2022\/10\/E3D03F21-2602-4849-A3E8-759CA5D09AC9-2048x1392.jpeg 2048w\" sizes=\"(max-width: 2560px) 100vw, 2560px\" \/><\/figure>\n\n\n\n<figure class=\"wp-block-image size-large\"><img decoding=\"async\" loading=\"lazy\" width=\"1616\" height=\"1080\" data-id=\"2499\"  src=\"http:\/\/sanacogimiento.net\/wp-content\/uploads\/2022\/10\/7927B731-05AB-4943-95D2-AFCD76612C88.jpeg\" alt=\"\" class=\"wp-image-2499\" srcset=\"http:\/\/sanacogimiento.net\/wp-content\/uploads\/2022\/10\/7927B731-05AB-4943-95D2-AFCD76612C88.jpeg 1616w, http:\/\/sanacogimiento.net\/wp-content\/uploads\/2022\/10\/7927B731-05AB-4943-95D2-AFCD76612C88-768x513.jpeg 768w, http:\/\/sanacogimiento.net\/wp-content\/uploads\/2022\/10\/7927B731-05AB-4943-95D2-AFCD76612C88-1536x1027.jpeg 1536w\" sizes=\"(max-width: 1616px) 100vw, 1616px\" \/><\/figure>\n\n\n\n<figure class=\"wp-block-image size-large\"><img decoding=\"async\" loading=\"lazy\" width=\"2560\" height=\"1920\" data-id=\"2500\"  src=\"http:\/\/sanacogimiento.net\/wp-content\/uploads\/2022\/10\/C0C662B4-26E1-434C-9B29-0EE7D32F0B3C-scaled.jpeg\" alt=\"\" class=\"wp-image-2500\" srcset=\"http:\/\/sanacogimiento.net\/wp-content\/uploads\/2022\/10\/C0C662B4-26E1-434C-9B29-0EE7D32F0B3C-scaled.jpeg 2560w, http:\/\/sanacogimiento.net\/wp-content\/uploads\/2022\/10\/C0C662B4-26E1-434C-9B29-0EE7D32F0B3C-768x576.jpeg 768w, http:\/\/sanacogimiento.net\/wp-content\/uploads\/2022\/10\/C0C662B4-26E1-434C-9B29-0EE7D32F0B3C-1536x1152.jpeg 1536w, http:\/\/sanacogimiento.net\/wp-content\/uploads\/2022\/10\/C0C662B4-26E1-434C-9B29-0EE7D32F0B3C-2048x1536.jpeg 2048w\" sizes=\"(max-width: 2560px) 100vw, 2560px\" \/><\/figure>\n<\/figure>\n\n\n\n<p>Aber HEY!!!!! Ich werde jetzt Mechaniker\u2026 nein Spass\u2026 aber die Heizung habe ich dann irgendwann trotzdem zum laufen gebracht\u2026. Danke Internet und Suchmaschine\u2026<\/p>\n\n\n\n<figure class=\"is-layout-flex wp-block-gallery-3 wp-block-gallery has-nested-images columns-default is-cropped\">\n<figure class=\"wp-block-image size-large\"><img decoding=\"async\" loading=\"lazy\" width=\"2560\" height=\"1706\" data-id=\"2532\"  src=\"http:\/\/sanacogimiento.net\/wp-content\/uploads\/2022\/10\/D67C32B9-165A-41C0-AD5B-C7035706B53A-scaled.jpeg\" alt=\"\" class=\"wp-image-2532\" srcset=\"http:\/\/sanacogimiento.net\/wp-content\/uploads\/2022\/10\/D67C32B9-165A-41C0-AD5B-C7035706B53A-scaled.jpeg 2560w, http:\/\/sanacogimiento.net\/wp-content\/uploads\/2022\/10\/D67C32B9-165A-41C0-AD5B-C7035706B53A-768x512.jpeg 768w, http:\/\/sanacogimiento.net\/wp-content\/uploads\/2022\/10\/D67C32B9-165A-41C0-AD5B-C7035706B53A-1536x1024.jpeg 1536w, http:\/\/sanacogimiento.net\/wp-content\/uploads\/2022\/10\/D67C32B9-165A-41C0-AD5B-C7035706B53A-2048x1365.jpeg 2048w\" sizes=\"(max-width: 2560px) 100vw, 2560px\" \/><\/figure>\n\n\n\n<figure class=\"wp-block-image size-large\"><img decoding=\"async\" loading=\"lazy\" width=\"2560\" height=\"1706\" data-id=\"2531\"  src=\"http:\/\/sanacogimiento.net\/wp-content\/uploads\/2022\/10\/0C777EEC-A549-41F3-B226-D0DB1DC86892-scaled.jpeg\" alt=\"\" class=\"wp-image-2531\" srcset=\"http:\/\/sanacogimiento.net\/wp-content\/uploads\/2022\/10\/0C777EEC-A549-41F3-B226-D0DB1DC86892-scaled.jpeg 2560w, http:\/\/sanacogimiento.net\/wp-content\/uploads\/2022\/10\/0C777EEC-A549-41F3-B226-D0DB1DC86892-768x512.jpeg 768w, http:\/\/sanacogimiento.net\/wp-content\/uploads\/2022\/10\/0C777EEC-A549-41F3-B226-D0DB1DC86892-1536x1024.jpeg 1536w, http:\/\/sanacogimiento.net\/wp-content\/uploads\/2022\/10\/0C777EEC-A549-41F3-B226-D0DB1DC86892-2048x1365.jpeg 2048w\" sizes=\"(max-width: 2560px) 100vw, 2560px\" \/><\/figure>\n<\/figure>\n\n\n\n<p><br>Von der Rakotzbr\u00fccke aus ging es dann Richtung Bastei! Was f\u00fcr eine kurvenreiche Strecke sag ich nur.<\/p>\n\n\n\n<p>Dort angekommen erstmal die verzweifelte Suche: wo kann man hier campen? Etwa 3 km davon entfernt gibts einen s\u00fcssen Park and ride Parkplatz mit kleiner Rezeption. Sehr nett dort gewesen und mit der Kurtaxe , kann man fein mit dem Bus Richtung Bastei fahren.<\/p>\n\n\n\n<p>Ich glaube ich war Lebensm\u00fcde mich auf diese Reise einzulassen! WEIL!!!!!!!!:<\/p>\n\n\n\n<p>ich habe tierische H\u00f6henangst!!!!!!<\/p>\n\n\n\n<p>Und nat\u00fcrlich sind wir \u00fcber die Basteibr\u00fccke gegangen\u2026 Tipp mit geradeaus gucken war das ziemlich hilfreich. Jedoch haben meine Knie danach extrem gezittert\u2026 und es ist schade , dass diese bl\u00f6de Eigenschaft einen manchmal an den tollsten Bildern hindert\u2026<\/p>\n\n\n\n<figure class=\"wp-block-image size-full\"><img decoding=\"async\" loading=\"lazy\" width=\"2560\" height=\"1920\" src=\"http:\/\/sanacogimiento.net\/wp-content\/uploads\/2022\/10\/30DC622B-E111-4260-889A-3116B97353C4-scaled.jpeg\" alt=\"\" class=\"wp-image-2509\" srcset=\"http:\/\/sanacogimiento.net\/wp-content\/uploads\/2022\/10\/30DC622B-E111-4260-889A-3116B97353C4-scaled.jpeg 2560w, http:\/\/sanacogimiento.net\/wp-content\/uploads\/2022\/10\/30DC622B-E111-4260-889A-3116B97353C4-768x576.jpeg 768w, http:\/\/sanacogimiento.net\/wp-content\/uploads\/2022\/10\/30DC622B-E111-4260-889A-3116B97353C4-1536x1152.jpeg 1536w, http:\/\/sanacogimiento.net\/wp-content\/uploads\/2022\/10\/30DC622B-E111-4260-889A-3116B97353C4-2048x1536.jpeg 2048w\" sizes=\"(max-width: 2560px) 100vw, 2560px\" \/><\/figure>\n\n\n\n<p><br>Da wie ja auch mittlerweile Herbst haben, mussten wir uns dann nat\u00fcrlich beeilen wieder aus dem Wald zukommen.  Und dieser Weg war sehr abendteuerlich\u2026 die Treppen die wir runter sind, mussten wir dann ja schliesslich auch irgendwann wieder hoch\u2026 das tat nachher so in den Beinen weh, ich glaub ich werde alt. ;-p<\/p>\n\n\n\n<p>Total ko und ohne Wlan, um vllt noch was zu streamen etc. haben wir uns dann irgendwann ins Bett verzogen und mit den Hundis gekuschelt!<\/p>\n\n\n\n<figure class=\"wp-block-image size-full\"><img decoding=\"async\" loading=\"lazy\" width=\"2560\" height=\"1706\" src=\"http:\/\/sanacogimiento.net\/wp-content\/uploads\/2022\/10\/F99936E7-8550-4385-A040-753C4B3C3F01-scaled.jpeg\" alt=\"\" class=\"wp-image-2533\" srcset=\"http:\/\/sanacogimiento.net\/wp-content\/uploads\/2022\/10\/F99936E7-8550-4385-A040-753C4B3C3F01-scaled.jpeg 2560w, http:\/\/sanacogimiento.net\/wp-content\/uploads\/2022\/10\/F99936E7-8550-4385-A040-753C4B3C3F01-768x512.jpeg 768w, http:\/\/sanacogimiento.net\/wp-content\/uploads\/2022\/10\/F99936E7-8550-4385-A040-753C4B3C3F01-1536x1024.jpeg 1536w, http:\/\/sanacogimiento.net\/wp-content\/uploads\/2022\/10\/F99936E7-8550-4385-A040-753C4B3C3F01-2048x1365.jpeg 2048w\" sizes=\"(max-width: 2560px) 100vw, 2560px\" \/><\/figure>\n\n\n\n<h2>Tag 3- 16.10.22<\/h2>\n\n\n\n<p>Ein neuer Tag! Wenn man schon mal in der S\u00e4chsischen Schweiz ist, dann ist Dresden nicht weit entfernt! Also ab nach Dresden!<\/p>\n\n\n\n<figure class=\"wp-block-image size-full\"><img decoding=\"async\" loading=\"lazy\" width=\"2560\" height=\"1920\" src=\"http:\/\/sanacogimiento.net\/wp-content\/uploads\/2022\/10\/7F3B9B25-9433-4575-A6D9-7A7FB95E9CAC-scaled.jpeg\" alt=\"\" class=\"wp-image-2512\" srcset=\"http:\/\/sanacogimiento.net\/wp-content\/uploads\/2022\/10\/7F3B9B25-9433-4575-A6D9-7A7FB95E9CAC-scaled.jpeg 2560w, http:\/\/sanacogimiento.net\/wp-content\/uploads\/2022\/10\/7F3B9B25-9433-4575-A6D9-7A7FB95E9CAC-768x576.jpeg 768w, http:\/\/sanacogimiento.net\/wp-content\/uploads\/2022\/10\/7F3B9B25-9433-4575-A6D9-7A7FB95E9CAC-1536x1152.jpeg 1536w, http:\/\/sanacogimiento.net\/wp-content\/uploads\/2022\/10\/7F3B9B25-9433-4575-A6D9-7A7FB95E9CAC-2048x1536.jpeg 2048w\" sizes=\"(max-width: 2560px) 100vw, 2560px\" \/><\/figure>\n\n\n\n<p>Und das Wetter hat uns heute wirklich lieb gehabt.<\/p>\n\n\n\n<figure class=\"wp-block-image size-full\"><img decoding=\"async\" loading=\"lazy\" width=\"2560\" height=\"1920\" src=\"http:\/\/sanacogimiento.net\/wp-content\/uploads\/2022\/10\/46A00082-61CB-44C6-9F00-D0268996FE7D-scaled.jpeg\" alt=\"\" class=\"wp-image-2513\" srcset=\"http:\/\/sanacogimiento.net\/wp-content\/uploads\/2022\/10\/46A00082-61CB-44C6-9F00-D0268996FE7D-scaled.jpeg 2560w, http:\/\/sanacogimiento.net\/wp-content\/uploads\/2022\/10\/46A00082-61CB-44C6-9F00-D0268996FE7D-768x576.jpeg 768w, http:\/\/sanacogimiento.net\/wp-content\/uploads\/2022\/10\/46A00082-61CB-44C6-9F00-D0268996FE7D-1536x1152.jpeg 1536w, http:\/\/sanacogimiento.net\/wp-content\/uploads\/2022\/10\/46A00082-61CB-44C6-9F00-D0268996FE7D-2048x1536.jpeg 2048w\" sizes=\"(max-width: 2560px) 100vw, 2560px\" \/><\/figure>\n\n\n\n<figure class=\"is-layout-flex wp-block-gallery-5 wp-block-gallery has-nested-images columns-default is-cropped\">\n<figure class=\"wp-block-image size-large\"><img decoding=\"async\" loading=\"lazy\" width=\"2560\" height=\"1920\" data-id=\"2516\"  src=\"http:\/\/sanacogimiento.net\/wp-content\/uploads\/2022\/10\/AA9D13B1-1083-4C2B-A37B-1664BFD38356-scaled.jpeg\" alt=\"\" class=\"wp-image-2516\" srcset=\"http:\/\/sanacogimiento.net\/wp-content\/uploads\/2022\/10\/AA9D13B1-1083-4C2B-A37B-1664BFD38356-scaled.jpeg 2560w, http:\/\/sanacogimiento.net\/wp-content\/uploads\/2022\/10\/AA9D13B1-1083-4C2B-A37B-1664BFD38356-768x576.jpeg 768w, http:\/\/sanacogimiento.net\/wp-content\/uploads\/2022\/10\/AA9D13B1-1083-4C2B-A37B-1664BFD38356-1536x1152.jpeg 1536w, http:\/\/sanacogimiento.net\/wp-content\/uploads\/2022\/10\/AA9D13B1-1083-4C2B-A37B-1664BFD38356-2048x1536.jpeg 2048w\" sizes=\"(max-width: 2560px) 100vw, 2560px\" \/><\/figure>\n\n\n\n<figure class=\"wp-block-image size-large\"><img decoding=\"async\" loading=\"lazy\" width=\"1920\" height=\"2560\" data-id=\"2515\"  src=\"http:\/\/sanacogimiento.net\/wp-content\/uploads\/2022\/10\/49D46C3E-8444-4DEF-954A-F2AF315A2F8C-scaled.jpeg\" alt=\"\" class=\"wp-image-2515\" srcset=\"http:\/\/sanacogimiento.net\/wp-content\/uploads\/2022\/10\/49D46C3E-8444-4DEF-954A-F2AF315A2F8C-scaled.jpeg 1920w, http:\/\/sanacogimiento.net\/wp-content\/uploads\/2022\/10\/49D46C3E-8444-4DEF-954A-F2AF315A2F8C-768x1024.jpeg 768w, http:\/\/sanacogimiento.net\/wp-content\/uploads\/2022\/10\/49D46C3E-8444-4DEF-954A-F2AF315A2F8C-1152x1536.jpeg 1152w, http:\/\/sanacogimiento.net\/wp-content\/uploads\/2022\/10\/49D46C3E-8444-4DEF-954A-F2AF315A2F8C-1536x2048.jpeg 1536w\" sizes=\"(max-width: 1920px) 100vw, 1920px\" \/><\/figure>\n\n\n\n<figure class=\"wp-block-image size-large\"><img decoding=\"async\" loading=\"lazy\" width=\"1920\" height=\"2560\" data-id=\"2519\"  src=\"http:\/\/sanacogimiento.net\/wp-content\/uploads\/2022\/10\/06CA2D26-BB56-4C33-8369-19DB6C601444-scaled.jpeg\" alt=\"\" class=\"wp-image-2519\" srcset=\"http:\/\/sanacogimiento.net\/wp-content\/uploads\/2022\/10\/06CA2D26-BB56-4C33-8369-19DB6C601444-scaled.jpeg 1920w, http:\/\/sanacogimiento.net\/wp-content\/uploads\/2022\/10\/06CA2D26-BB56-4C33-8369-19DB6C601444-768x1024.jpeg 768w, http:\/\/sanacogimiento.net\/wp-content\/uploads\/2022\/10\/06CA2D26-BB56-4C33-8369-19DB6C601444-1152x1536.jpeg 1152w, http:\/\/sanacogimiento.net\/wp-content\/uploads\/2022\/10\/06CA2D26-BB56-4C33-8369-19DB6C601444-1536x2048.jpeg 1536w\" sizes=\"(max-width: 1920px) 100vw, 1920px\" \/><\/figure>\n\n\n\n<figure class=\"wp-block-image size-large\"><img decoding=\"async\" loading=\"lazy\" width=\"1920\" height=\"2560\" data-id=\"2518\"  src=\"http:\/\/sanacogimiento.net\/wp-content\/uploads\/2022\/10\/92571AC3-1C1C-481E-95D6-A392AB0DF92F-scaled.jpeg\" alt=\"\" class=\"wp-image-2518\" srcset=\"http:\/\/sanacogimiento.net\/wp-content\/uploads\/2022\/10\/92571AC3-1C1C-481E-95D6-A392AB0DF92F-scaled.jpeg 1920w, http:\/\/sanacogimiento.net\/wp-content\/uploads\/2022\/10\/92571AC3-1C1C-481E-95D6-A392AB0DF92F-768x1024.jpeg 768w, http:\/\/sanacogimiento.net\/wp-content\/uploads\/2022\/10\/92571AC3-1C1C-481E-95D6-A392AB0DF92F-1152x1536.jpeg 1152w, http:\/\/sanacogimiento.net\/wp-content\/uploads\/2022\/10\/92571AC3-1C1C-481E-95D6-A392AB0DF92F-1536x2048.jpeg 1536w\" sizes=\"(max-width: 1920px) 100vw, 1920px\" \/><\/figure>\n\n\n\n<figure class=\"wp-block-image size-large\"><img decoding=\"async\" loading=\"lazy\" width=\"1920\" height=\"2560\" data-id=\"2514\"  src=\"http:\/\/sanacogimiento.net\/wp-content\/uploads\/2022\/10\/52AC7A70-C972-44BF-A1A3-550B99A7D623-scaled.jpeg\" alt=\"\" class=\"wp-image-2514\" srcset=\"http:\/\/sanacogimiento.net\/wp-content\/uploads\/2022\/10\/52AC7A70-C972-44BF-A1A3-550B99A7D623-scaled.jpeg 1920w, http:\/\/sanacogimiento.net\/wp-content\/uploads\/2022\/10\/52AC7A70-C972-44BF-A1A3-550B99A7D623-768x1024.jpeg 768w, http:\/\/sanacogimiento.net\/wp-content\/uploads\/2022\/10\/52AC7A70-C972-44BF-A1A3-550B99A7D623-1152x1536.jpeg 1152w, http:\/\/sanacogimiento.net\/wp-content\/uploads\/2022\/10\/52AC7A70-C972-44BF-A1A3-550B99A7D623-1536x2048.jpeg 1536w\" sizes=\"(max-width: 1920px) 100vw, 1920px\" \/><\/figure>\n\n\n\n<figure class=\"wp-block-image size-large\"><img decoding=\"async\" loading=\"lazy\" width=\"1920\" height=\"2560\" data-id=\"2517\"  src=\"http:\/\/sanacogimiento.net\/wp-content\/uploads\/2022\/10\/3127189A-E763-4153-9C12-FCB4064FC9F7-scaled.jpeg\" alt=\"\" class=\"wp-image-2517\" srcset=\"http:\/\/sanacogimiento.net\/wp-content\/uploads\/2022\/10\/3127189A-E763-4153-9C12-FCB4064FC9F7-scaled.jpeg 1920w, http:\/\/sanacogimiento.net\/wp-content\/uploads\/2022\/10\/3127189A-E763-4153-9C12-FCB4064FC9F7-768x1024.jpeg 768w, http:\/\/sanacogimiento.net\/wp-content\/uploads\/2022\/10\/3127189A-E763-4153-9C12-FCB4064FC9F7-1152x1536.jpeg 1152w, http:\/\/sanacogimiento.net\/wp-content\/uploads\/2022\/10\/3127189A-E763-4153-9C12-FCB4064FC9F7-1536x2048.jpeg 1536w\" sizes=\"(max-width: 1920px) 100vw, 1920px\" \/><\/figure>\n\n\n\n<figure class=\"wp-block-image size-large\"><img decoding=\"async\" loading=\"lazy\" width=\"2560\" height=\"1920\" data-id=\"2520\"  src=\"http:\/\/sanacogimiento.net\/wp-content\/uploads\/2022\/10\/4F256544-0223-46CC-ACBE-9C579F591EE0-scaled.jpeg\" alt=\"\" class=\"wp-image-2520\" srcset=\"http:\/\/sanacogimiento.net\/wp-content\/uploads\/2022\/10\/4F256544-0223-46CC-ACBE-9C579F591EE0-scaled.jpeg 2560w, http:\/\/sanacogimiento.net\/wp-content\/uploads\/2022\/10\/4F256544-0223-46CC-ACBE-9C579F591EE0-768x576.jpeg 768w, http:\/\/sanacogimiento.net\/wp-content\/uploads\/2022\/10\/4F256544-0223-46CC-ACBE-9C579F591EE0-1536x1152.jpeg 1536w, http:\/\/sanacogimiento.net\/wp-content\/uploads\/2022\/10\/4F256544-0223-46CC-ACBE-9C579F591EE0-2048x1536.jpeg 2048w\" sizes=\"(max-width: 2560px) 100vw, 2560px\" \/><\/figure>\n\n\n\n<figure class=\"wp-block-image size-large\"><img decoding=\"async\" loading=\"lazy\" width=\"1920\" height=\"2560\" data-id=\"2521\"  src=\"http:\/\/sanacogimiento.net\/wp-content\/uploads\/2022\/10\/A1D1C9A4-BEF5-473F-986B-9B8E1089616F-scaled.jpeg\" alt=\"\" class=\"wp-image-2521\" srcset=\"http:\/\/sanacogimiento.net\/wp-content\/uploads\/2022\/10\/A1D1C9A4-BEF5-473F-986B-9B8E1089616F-scaled.jpeg 1920w, http:\/\/sanacogimiento.net\/wp-content\/uploads\/2022\/10\/A1D1C9A4-BEF5-473F-986B-9B8E1089616F-768x1024.jpeg 768w, http:\/\/sanacogimiento.net\/wp-content\/uploads\/2022\/10\/A1D1C9A4-BEF5-473F-986B-9B8E1089616F-1152x1536.jpeg 1152w, http:\/\/sanacogimiento.net\/wp-content\/uploads\/2022\/10\/A1D1C9A4-BEF5-473F-986B-9B8E1089616F-1536x2048.jpeg 1536w\" sizes=\"(max-width: 1920px) 100vw, 1920px\" \/><\/figure>\n<\/figure>\n\n\n\n<figure class=\"wp-block-image size-full\"><img decoding=\"async\" loading=\"lazy\" width=\"2560\" height=\"1706\" src=\"http:\/\/sanacogimiento.net\/wp-content\/uploads\/2022\/10\/280104D6-5899-4F26-A9ED-ED6CF9A15D3D-scaled.jpeg\" alt=\"\" class=\"wp-image-2534\" srcset=\"http:\/\/sanacogimiento.net\/wp-content\/uploads\/2022\/10\/280104D6-5899-4F26-A9ED-ED6CF9A15D3D-scaled.jpeg 2560w, http:\/\/sanacogimiento.net\/wp-content\/uploads\/2022\/10\/280104D6-5899-4F26-A9ED-ED6CF9A15D3D-768x512.jpeg 768w, http:\/\/sanacogimiento.net\/wp-content\/uploads\/2022\/10\/280104D6-5899-4F26-A9ED-ED6CF9A15D3D-1536x1024.jpeg 1536w, http:\/\/sanacogimiento.net\/wp-content\/uploads\/2022\/10\/280104D6-5899-4F26-A9ED-ED6CF9A15D3D-2048x1365.jpeg 2048w\" sizes=\"(max-width: 2560px) 100vw, 2560px\" \/><\/figure>\n\n\n\n<p><br>Jetzt erstmal zum Campingplatz!<\/p>\n\n\n\n<p>In Kallinchen gibt es einen s\u00fcssen kleinen Campingplatz genau am See! Vielleicht ein Geheimtipp \ud83d\ude09<\/p>\n\n\n\n<p>Die Betreiber sind auch Megalieb, weil es ist Sonntag und eigentlich haben die nur bis 12 Uhr auf\u2026Da wir vorher angerufen haben, konnten wir vereinbaren, dass wir uns hinstellen konnten und nochmal jemand vorbeikommt und dann alles mit uns regelt! Super lieb!!!!!!!<\/p>\n\n\n\n<p>Und hey! auch hier gab es Sterne!<\/p>\n\n\n\n<figure class=\"wp-block-image size-full\"><img decoding=\"async\" loading=\"lazy\" width=\"1616\" height=\"1080\" src=\"http:\/\/sanacogimiento.net\/wp-content\/uploads\/2022\/10\/82066757-0556-4F1D-8960-85023E9443CD.jpeg\" alt=\"\" class=\"wp-image-2527\" srcset=\"http:\/\/sanacogimiento.net\/wp-content\/uploads\/2022\/10\/82066757-0556-4F1D-8960-85023E9443CD.jpeg 1616w, http:\/\/sanacogimiento.net\/wp-content\/uploads\/2022\/10\/82066757-0556-4F1D-8960-85023E9443CD-768x513.jpeg 768w, http:\/\/sanacogimiento.net\/wp-content\/uploads\/2022\/10\/82066757-0556-4F1D-8960-85023E9443CD-1536x1027.jpeg 1536w\" sizes=\"(max-width: 1616px) 100vw, 1616px\" \/><\/figure>\n\n\n\n<p><\/p>\n\n\n\n<h2><br>Tag 4- 17.10.22<\/h2>\n\n\n\n<p>Einen wunder guten Morgen!<\/p>\n\n\n\n<figure class=\"wp-block-image size-full\"><img decoding=\"async\" loading=\"lazy\" width=\"2560\" height=\"1920\" src=\"http:\/\/sanacogimiento.net\/wp-content\/uploads\/2022\/10\/001DB532-EA40-427A-8462-BA7E6BE8D380-scaled.jpeg\" alt=\"\" class=\"wp-image-2528\" srcset=\"http:\/\/sanacogimiento.net\/wp-content\/uploads\/2022\/10\/001DB532-EA40-427A-8462-BA7E6BE8D380-scaled.jpeg 2560w, http:\/\/sanacogimiento.net\/wp-content\/uploads\/2022\/10\/001DB532-EA40-427A-8462-BA7E6BE8D380-768x576.jpeg 768w, http:\/\/sanacogimiento.net\/wp-content\/uploads\/2022\/10\/001DB532-EA40-427A-8462-BA7E6BE8D380-1536x1152.jpeg 1536w, http:\/\/sanacogimiento.net\/wp-content\/uploads\/2022\/10\/001DB532-EA40-427A-8462-BA7E6BE8D380-2048x1536.jpeg 2048w\" sizes=\"(max-width: 2560px) 100vw, 2560px\" \/><\/figure>\n\n\n\n<figure class=\"wp-block-image\"><img alt=\"\"\/><\/figure>\n\n\n\n<p>Der Campingtrip ist vorbei\u2026 jetzt den Camper fertig machen und wegbringen\u2026 dann wieder nach Rostock die Mietze holen und dann wieder ab nach Hause.<\/p>\n\n\n\n<p>Auch wenn dieser Trip extrem anstrengend war, immer wieder gerne!!!!<\/p>\n","protected":false},"excerpt":{"rendered":"<p>Bald ist es soweit und es geht mit dem Camper f\u00fcr ein paar Tage durch Deutschland. Ich werde hier berichten, was wir alles auf dem Trip sehen. Tag 1.- 14.10.22 So es ging los mit dem Trip in Rostock! Morgens um 9 uhr ab nach Berlin um den Camper zu holen. Um 16 Uhr gings [&hellip;]<\/p>\n","protected":false},"author":1,"featured_media":2356,"parent":1334,"menu_order":1,"comment_status":"open","ping_status":"closed","template":"","meta":[],"_links":{"self":[{"href":"http:\/\/sanacogimiento.net\/index.php?rest_route=\/wp\/v2\/pages\/2466"}],"collection":[{"href":"http:\/\/sanacogimiento.net\/index.php?rest_route=\/wp\/v2\/pages"}],"about":[{"href":"http:\/\/sanacogimiento.net\/index.php?rest_route=\/wp\/v2\/types\/page"}],"author":[{"embeddable":true,"href":"http:\/\/sanacogimiento.net\/index.php?rest_route=\/wp\/v2\/users\/1"}],"replies":[{"embeddable":true,"href":"http:\/\/sanacogimiento.net\/index.php?rest_route=%2Fwp%2Fv2%2Fcomments&post=2466"}],"version-history":[{"count":16,"href":"http:\/\/sanacogimiento.net\/index.php?rest_route=\/wp\/v2\/pages\/2466\/revisions"}],"predecessor-version":[{"id":2535,"href":"http:\/\/sanacogimiento.net\/index.php?rest_route=\/wp\/v2\/pages\/2466\/revisions\/2535"}],"up":[{"embeddable":true,"href":"http:\/\/sanacogimiento.net\/index.php?rest_route=\/wp\/v2\/pages\/1334"}],"wp:featuredmedia":[{"embeddable":true,"href":"http:\/\/sanacogimiento.net\/index.php?rest_route=\/wp\/v2\/media\/2356"}],"wp:attachment":[{"href":"http:\/\/sanacogimiento.net\/index.php?rest_route=%2Fwp%2Fv2%2Fmedia&parent=2466"}],"curies":[{"name":"wp","href":"https:\/\/api.w.org\/{rel}","templated":true}]}}